{"id":1242,"date":"2026-03-24T15:18:51","date_gmt":"2026-03-24T15:18:51","guid":{"rendered":"https:\/\/ai-coaching.fr\/?page_id=1242"},"modified":"2026-03-27T12:47:17","modified_gmt":"2026-03-27T12:47:17","slug":"demander-une-demo","status":"publish","type":"page","link":"https:\/\/ai-coaching.fr\/en\/demander-une-demo\/","title":{"rendered":"Demonstration"},"content":{"rendered":"<div style=\"height:100px\" aria-hidden=\"true\" class=\"wp-block-spacer\"><\/div>\n\n\n\n<h2 class=\"wp-block-heading has-text-align-center\">A demonstration?<\/h2>\n\n\n\n<div class=\"wp-block-group alignfull has-global-padding is-layout-constrained wp-block-group-is-layout-constrained\" style=\"padding-top:var(--wp--preset--spacing--40)\">\n<div class=\"wp-block-columns alignwide is-layout-flex wp-container-core-columns-is-layout-ec2e7a44 wp-block-columns-is-layout-flex\" style=\"border-style:none;border-width:0px;border-radius:10px;padding-top:0;padding-bottom:0\">\n<div class=\"wp-block-column is-layout-flow wp-container-core-column-is-layout-e4576deb wp-block-column-is-layout-flow\" style=\"padding-bottom:var(--wp--preset--spacing--30)\">\n<div class=\"wp-block-group is-content-justification-center is-nowrap is-layout-flex wp-container-core-group-is-layout-ce090dd7 wp-block-group-is-layout-flex\" style=\"padding-bottom:var(--wp--preset--spacing--30)\">\n<figure class=\"wp-block-image aligncenter size-large\" style=\"margin-top:0;margin-bottom:0\"><img decoding=\"async\" width=\"68\" height=\"68\" src=\"https:\/\/ai-coaching.fr\/wp-content\/uploads\/2025\/05\/icon-down.svg\" alt=\"\" class=\"wp-image-611\"\/><\/figure>\n<\/div>\n<\/div>\n<\/div>\n<\/div>\n\n\n\n<div class=\"wp-block-group alignfull has-custom-violet-custom-background-color has-background has-global-padding is-layout-constrained wp-container-core-group-is-layout-2f2e20dd wp-block-group-is-layout-constrained\" id=\"contactez-nous\" style=\"margin-top:var(--wp--preset--spacing--30);margin-bottom:0;padding-top:var(--wp--preset--spacing--30);padding-right:var(--wp--preset--spacing--30);padding-bottom:var(--wp--preset--spacing--40);padding-left:var(--wp--preset--spacing--30)\">\n<div class=\"wp-block-group alignwide has-global-padding is-layout-constrained wp-block-group-is-layout-constrained\" style=\"margin-top:0;margin-bottom:0;padding-top:0\">\n<h2 class=\"wp-block-heading has-text-align-center has-base-color has-text-color has-link-color wp-elements-11270ce0f6d091bf8ecc84652febe31b\">Contact us<\/h2>\n\n\n\n<p class=\"has-text-align-center has-base-color has-text-color has-link-color wp-elements-bad5629fd826ea87ab8ad11aa29d0171\" style=\"margin-top:8px;margin-bottom:0;margin-left:0px\">Would you like to learn more or schedule a demonstration of our AI training courses? Contact us!<\/p>\n<\/div>\n\n\n\n<form method=\"post\" class=\"wp-block-gutena-forms gutena-forms-formulaire-de-contact gutena_forms_ID_6a1d0a1c2f8_2542025151150 after_submit_message has-contrast-color has-base-background-color has-text-color has-background has-link-color wp-elements-674370d07f9e7fc89f130f1b0e06302a is-layout-flow wp-container-gutena-forms-is-layout-94c7c4ff wp-block-gutena-forms-is-layout-flow\" style=\"border-radius:10px;margin-right:0;margin-left:0;padding-top:var(--wp--preset--spacing--30);padding-right:var(--wp--preset--spacing--30);padding-bottom:var(--wp--preset--spacing--30);padding-left:var(--wp--preset--spacing--30)\" action=\"\"><input type=\"hidden\" name=\"recaptcha_enable\" value=\"1\" \/><input type=\"hidden\" name=\"formid\" value=\"gutena_forms_ID_6a1d0a1c2f8_2542025151150\"\/>\n<div class=\"wp-block-gutena-field-group  field-group-type-text field-group-type-select is-layout-flow wp-block-gutena-field-group-is-layout-flow\" style=\"margin-bottom:var(--wp--preset--spacing--30)\">\n<div class=\"wp-block-group is-vertical is-layout-flex wp-container-core-group-is-layout-501cef26 wp-block-group-is-layout-flex\">\n<h3 class=\"wp-block-heading heading-input-label-gutena\">Type of request<\/h3>\n\n\n<div class=\"gutena-forms-select-field field-name-f_0  wp-block-gutena-form-field has-background has-base-background-color\"><select\n\t\t\t\tid=\"f_0\"\n\t\t\t\t name=\"f_0\" class=\"gutena-forms-field select-field required-field\"  required\n\t\t\t\t><option value=\"Programmer une d\u00e9mo\" >Schedule a demo<\/option><option value=\"Demande d&#039;informations\" >Request for information<\/option><\/select><\/div><\/div>\n\n\n\n<p class=\"gutena-forms-field-error-msg\"><\/p>\n<\/div>\n\n\n\n<div class=\"wp-block-gutena-field-group  field-group-type-text is-layout-flow wp-block-gutena-field-group-is-layout-flow\" style=\"margin-bottom:var(--wp--preset--spacing--30)\">\n<div class=\"wp-block-group is-vertical is-layout-flex wp-container-core-group-is-layout-501cef26 wp-block-group-is-layout-flex\">\n<h3 class=\"wp-block-heading heading-input-label-gutena\">Name*<\/h3>\n\n\n<div class=\"gutena-forms-text-field field-name-f_1  wp-block-gutena-form-field has-background has-base-background-color\"><input\n\t\t\t\tid=\"f_1\"\n\t\t\t\t name=\"f_1\" type=\"text\" class=\"gutena-forms-field text-field required-field\" placeholder=\"Your name\"  required\n\t\t\t\t\t\/><\/div><\/div>\n\n\n\n<p class=\"gutena-forms-field-error-msg\"><\/p>\n<\/div>\n\n\n\n<div class=\"wp-block-gutena-field-group  field-group-type-text is-layout-flow wp-block-gutena-field-group-is-layout-flow\" style=\"margin-bottom:var(--wp--preset--spacing--30)\">\n<div class=\"wp-block-group is-vertical is-layout-flex wp-container-core-group-is-layout-501cef26 wp-block-group-is-layout-flex\">\n<h3 class=\"wp-block-heading heading-input-label-gutena\">Company<\/h3>\n\n\n<div class=\"gutena-forms-text-field field-name-f_2  wp-block-gutena-form-field has-background has-base-background-color\"><input\n\t\t\t\tid=\"f_2\"\n\t\t\t\t name=\"f_2\" type=\"text\" class=\"gutena-forms-field text-field\" placeholder=\"Name of your company\" \n\t\t\t\t\/><\/div><\/div>\n\n\n\n<p class=\"gutena-forms-field-error-msg\"><\/p>\n<\/div>\n\n\n\n<div class=\"wp-block-gutena-field-group  field-group-type-email is-layout-flow wp-block-gutena-field-group-is-layout-flow\" style=\"margin-bottom:var(--wp--preset--spacing--30)\">\n<div class=\"wp-block-group is-vertical is-layout-flex wp-container-core-group-is-layout-501cef26 wp-block-group-is-layout-flex\">\n<h3 class=\"wp-block-heading heading-input-label-gutena\">E-mail*<\/h3>\n\n\n<div class=\"gutena-forms-email-field field-name-f_3  wp-block-gutena-form-field has-background has-base-background-color\"><input\n\t\t\t\tid=\"f_3\"\n\t\t\t\t name=\"f_3\" type=\"email\" class=\"gutena-forms-field email-field required-field\" placeholder=\"exemple@gmail.com\"  required\n\t\t\t\t\t\/><\/div><\/div>\n\n\n\n<p class=\"gutena-forms-field-error-msg\"><\/p>\n<\/div>\n\n\n\n<div class=\"wp-block-gutena-field-group  field-group-type-textarea is-layout-flow wp-block-gutena-field-group-is-layout-flow\">\n<div class=\"wp-block-group is-vertical is-layout-flex wp-container-core-group-is-layout-20429692 wp-block-group-is-layout-flex\" style=\"margin-bottom:var(--wp--preset--spacing--30)\">\n<h3 class=\"wp-block-heading heading-input-label-gutena\">Your message*<\/h3>\n\n\n<div class=\"gutena-forms-textarea-field field-name-f_4  wp-block-gutena-form-field has-background has-base-background-color\"><textarea\n\t\t\t\tid=\"f_4\"\n\t\t\t\t name=\"f_4\" rows=\"5\" class=\"gutena-forms-field textarea-field required-field\" placeholder=\"Your message\"  required\n\t\t\t\t><\/textarea><\/div><\/div>\n\n\n\n<p class=\"gutena-forms-field-error-msg\"><\/p>\n<\/div>\n\n\n\n<div class=\"wp-block-buttons gutena-forms-submit-buttons is-content-justification-center is-layout-flex wp-container-core-buttons-is-layout-5e8e0b33 wp-block-buttons-is-layout-flex\" style=\"margin-bottom:var(--wp--preset--spacing--30)\">\n<div class=\"wp-block-button gutena-forms-submit-button\"><div class=\"g-recaptcha\" data-sitekey=\"6LfVgyQrAAAAAEkUrbuaDyG2Luct7c5vY3SdSN29\"><\/div><br><button class=\"wp-block-button__link has-base-color has-text-color has-link-color wp-element-button\" style=\"border-radius:10px\">Send !<\/button><\/div>\n<\/div>\n\n\n\n<div class=\"wp-block-gutena-form-confirm-msg is-layout-flow wp-block-gutena-form-confirm-msg-is-layout-flow\">\n<div class=\"wp-block-group has-background is-content-justification-left is-nowrap is-layout-flex wp-container-core-group-is-layout-385d3396 wp-block-group-is-layout-flex\" style=\"border-radius:5px;background-color:#d8eacc;padding-top:12px;padding-right:12px;padding-bottom:12px;padding-left:12px\">\n<figure class=\"wp-block-image size-large is-resized form-message-icon\"><img decoding=\"async\" src=\"data:image\/svg+xml;base64,PHN2ZyB3aWR0aD0iMTYiIGhlaWdodD0iMTYiIHZpZXdCb3g9IjAgMCAxNiAxNiIgZmlsbD0ibm9uZSIgeG1sbnM9Imh0dHA6Ly93d3cudzMub3JnLzIwMDAvc3ZnIj4KPHBhdGggZD0iTTggMTZDMy41ODE2IDE2IDAgMTIuNDE4NCAwIDhDMCAzLjU4MTYgMy41ODE2IDAgOCAwQzEyLjQxODQgMCAxNiAzLjU4MTYgMTYgOEMxNiAxMi40MTg0IDEyLjQxODQgMTYgOCAxNlpNOCAxNC40QzkuNjk3MzkgMTQuNCAxMS4zMjUzIDEzLjcyNTcgMTIuNTI1NSAxMi41MjU1QzEzLjcyNTcgMTEuMzI1MyAxNC40IDkuNjk3MzkgMTQuNCA4QzE0LjQgNi4zMDI2MSAxMy43MjU3IDQuNjc0NzUgMTIuNTI1NSAzLjQ3NDUyQzExLjMyNTMgMi4yNzQyOCA5LjY5NzM5IDEuNiA4IDEuNkM2LjMwMjYxIDEuNiA0LjY3NDc1IDIuMjc0MjggMy40NzQ1MiAzLjQ3NDUyQzIuMjc0MjggNC42NzQ3NSAxLjYgNi4zMDI2MSAxLjYgOEMxLjYgOS42OTczOSAyLjI3NDI4IDExLjMyNTMgMy40NzQ1MiAxMi41MjU1QzQuNjc0NzUgMTMuNzI1NyA2LjMwMjYxIDE0LjQgOCAxNC40Wk03LjIwMjQgMTEuMkwzLjgwOCA3LjgwNTZMNC45MzkyIDYuNjc0NEw3LjIwMjQgOC45Mzc2TDExLjcyNzIgNC40MTJMMTIuODU5MiA1LjU0MzJMNy4yMDI0IDExLjJaIiBmaWxsPSIjNDY4NDFFIi8+Cjwvc3ZnPgo=\" alt=\"Success\" class=\"wp-image-3811\" style=\"width:31px;height:auto\"\/><\/figure>\n\n\n\n<p class=\"has-black-color has-text-color has-tiny-font-size\" style=\"font-size:12px;font-style:normal;font-weight:500;line-height:1.2\"><strong>Your message has been sent!<\/strong><br>We will get back to you as soon as possible. Thank you for your trust.<\/p>\n<\/div>\n<\/div>\n\n\n\n<div class=\"wp-block-gutena-form-error-msg is-layout-flow wp-block-gutena-form-error-msg-is-layout-flow\">\n<div class=\"wp-block-group has-background is-content-justification-left is-nowrap is-layout-flex wp-container-core-group-is-layout-385d3396 wp-block-group-is-layout-flex\" style=\"border-radius:5px;background-color:#ffd3d3;padding-top:12px;padding-right:12px;padding-bottom:12px;padding-left:12px\">\n<figure class=\"wp-block-image size-large is-resized form-message-icon\"><img decoding=\"async\" src=\"data:image\/svg+xml;base64,PHN2ZyB3aWR0aD0iMTYiIGhlaWdodD0iMTYiIHZpZXdCb3g9IjAgMCAxNiAxNiIgZmlsbD0ibm9uZSIgeG1sbnM9Imh0dHA6Ly93d3cudzMub3JnLzIwMDAvc3ZnIj4KPHBhdGggZD0iTTggMTZDMy41ODE2IDE2IDAgMTIuNDE4NCAwIDhDMCAzLjU4MTYgMy41ODE2IDAgOCAwQzEyLjQxODQgMCAxNiAzLjU4MTYgMTYgOEMxNiAxMi40MTg0IDEyLjQxODQgMTYgOCAxNlpNOCAxNC40QzkuNjk3MzkgMTQuNCAxMS4zMjUzIDEzLjcyNTcgMTIuNTI1NSAxMi41MjU1QzEzLjcyNTcgMTEuMzI1MyAxNC40IDkuNjk3MzkgMTQuNCA4QzE0LjQgNi4zMDI2MSAxMy43MjU3IDQuNjc0NzUgMTIuNTI1NSAzLjQ3NDUyQzExLjMyNTMgMi4yNzQyOCA5LjY5NzM5IDEuNiA4IDEuNkM2LjMwMjYxIDEuNiA0LjY3NDc1IDIuMjc0MjggMy40NzQ1MiAzLjQ3NDUyQzIuMjc0MjggNC42NzQ3NSAxLjYgNi4zMDI2MSAxLjYgOEMxLjYgOS42OTczOSAyLjI3NDI4IDExLjMyNTMgMy40NzQ1MiAxMi41MjU1QzQuNjc0NzUgMTMuNzI1NyA2LjMwMjYxIDE0LjQgOCAxNC40Wk03LjIgMTAuNEg4LjhWMTJINy4yVjEwLjRaTTcuMiA0SDguOFY4LjhINy4yVjRaIiBmaWxsPSIjQzUxOTE5Ii8+Cjwvc3ZnPgo=\" alt=\"Error\" class=\"wp-image-3811\" style=\"width:31px;height:auto\"\/><\/figure>\n\n\n\n<p class=\"gutena-forms-error-text has-black-color has-text-color\" style=\"font-size:12px;font-style:normal;font-weight:500;line-height:1.2\"><strong>Sorry, your message could not be sent.<\/strong><br>Please check that all mandatory fields are completed.<\/p>\n<\/div>\n<\/div>\n<input type=\"hidden\" name=\"trp-form-language\" value=\"en\"\/><\/form>\n<\/div>","protected":false},"excerpt":{"rendered":"<p>Une D\u00e9monstration ? Contactez-nous Vous souhaitez en savoir plus ou planifier une d\u00e9monstration de nos formations\u202fIA\u202f? Contactez\u2011nous !<\/p>","protected":false},"author":1,"featured_media":0,"parent":0,"menu_order":0,"comment_status":"closed","ping_status":"closed","template":"","meta":{"inline_featured_image":false,"footnotes":""},"class_list":["post-1242","page","type-page","status-publish","hentry"],"yoast_head":"<!-- This site is optimized with the Yoast SEO plugin v27.4 - https:\/\/yoast.com\/product\/yoast-seo-wordpress\/ -->\n<title>Formation IA par simulations immersives | AI-Coaching<\/title>\n<meta name=\"description\" content=\"Demandez une d\u00e9monstration gratuite de nos formations IA pour entreprises. D\u00e9couvrez comment am\u00e9liorer la productivit\u00e9 de vos \u00e9quipes gr\u00e2ce \u00e0 l\u2019intelligence artificielle.\" \/>\n<meta name=\"robots\" content=\"index, follow, max-snippet:-1, max-image-preview:large, max-video-preview:-1\" \/>\n<link rel=\"canonical\" href=\"https:\/\/ai-coaching.fr\/en\/demander-une-demo\/\" \/>\n<meta property=\"og:locale\" content=\"en_US\" \/>\n<meta property=\"og:type\" content=\"article\" \/>\n<meta property=\"og:title\" content=\"AI-Coaching \u2013 Formations immersives propuls\u00e9es par l\u2019IA\" \/>\n<meta property=\"og:description\" content=\"Simulations IA cl\u00e9s en main pour entra\u00eener vos \u00e9quipes sur des situations r\u00e9elles : vente, management, relation client, soft skills.\" \/>\n<meta property=\"og:url\" content=\"https:\/\/ai-coaching.fr\/en\/demander-une-demo\/\" \/>\n<meta property=\"og:site_name\" content=\"Ai-Coaching\" \/>\n<meta property=\"article:modified_time\" content=\"2026-03-27T12:47:17+00:00\" \/>\n<meta property=\"og:image\" content=\"https:\/\/ai-coaching.fr\/wp-content\/uploads\/2025\/11\/ai-coaching.jpg\" \/>\n\t<meta property=\"og:image:width\" content=\"1200\" \/>\n\t<meta property=\"og:image:height\" content=\"630\" \/>\n\t<meta property=\"og:image:type\" content=\"image\/jpeg\" \/>\n<meta name=\"twitter:card\" content=\"summary_large_image\" \/>\n<meta name=\"twitter:title\" content=\"AI-Coaching \u2013 Simulations IA pour former vos \u00e9quipes\" \/>\n<meta name=\"twitter:description\" content=\"Cr\u00e9ez des mises en situation r\u00e9alistes gr\u00e2ce \u00e0 l\u2019IA et d\u00e9ployez des formations immersives \u00e0 grande \u00e9chelle.\" \/>\n<meta name=\"twitter:image\" content=\"https:\/\/ai-coaching.fr\/wp-content\/uploads\/2025\/11\/ai-coaching.jpg\" \/>\n<meta name=\"twitter:label1\" content=\"Est. reading time\" \/>\n\t<meta name=\"twitter:data1\" content=\"1 minute\" \/>\n<script type=\"application\/ld+json\" class=\"yoast-schema-graph\">{\"@context\":\"https:\\\/\\\/schema.org\",\"@graph\":[{\"@type\":\"WebPage\",\"@id\":\"https:\\\/\\\/ai-coaching.fr\\\/demander-une-demo\\\/\",\"url\":\"https:\\\/\\\/ai-coaching.fr\\\/demander-une-demo\\\/\",\"name\":\"Formation IA par simulations immersives | AI-Coaching\",\"isPartOf\":{\"@id\":\"https:\\\/\\\/ai-coaching.fr\\\/#website\"},\"primaryImageOfPage\":{\"@id\":\"https:\\\/\\\/ai-coaching.fr\\\/demander-une-demo\\\/#primaryimage\"},\"image\":{\"@id\":\"https:\\\/\\\/ai-coaching.fr\\\/demander-une-demo\\\/#primaryimage\"},\"thumbnailUrl\":\"https:\\\/\\\/ai-coaching.fr\\\/wp-content\\\/uploads\\\/2025\\\/05\\\/icon-down.svg\",\"datePublished\":\"2026-03-24T15:18:51+00:00\",\"dateModified\":\"2026-03-27T12:47:17+00:00\",\"description\":\"Demandez une d\u00e9monstration gratuite de nos formations IA pour entreprises. D\u00e9couvrez comment am\u00e9liorer la productivit\u00e9 de vos \u00e9quipes gr\u00e2ce \u00e0 l\u2019intelligence artificielle.\",\"breadcrumb\":{\"@id\":\"https:\\\/\\\/ai-coaching.fr\\\/demander-une-demo\\\/#breadcrumb\"},\"inLanguage\":\"en-US\",\"potentialAction\":[{\"@type\":\"ReadAction\",\"target\":[\"https:\\\/\\\/ai-coaching.fr\\\/demander-une-demo\\\/\"]}]},{\"@type\":\"ImageObject\",\"inLanguage\":\"en-US\",\"@id\":\"https:\\\/\\\/ai-coaching.fr\\\/demander-une-demo\\\/#primaryimage\",\"url\":\"https:\\\/\\\/ai-coaching.fr\\\/wp-content\\\/uploads\\\/2025\\\/05\\\/icon-down.svg\",\"contentUrl\":\"https:\\\/\\\/ai-coaching.fr\\\/wp-content\\\/uploads\\\/2025\\\/05\\\/icon-down.svg\"},{\"@type\":\"BreadcrumbList\",\"@id\":\"https:\\\/\\\/ai-coaching.fr\\\/demander-une-demo\\\/#breadcrumb\",\"itemListElement\":[{\"@type\":\"ListItem\",\"position\":1,\"name\":\"Accueil\",\"item\":\"https:\\\/\\\/ai-coaching.fr\\\/\"},{\"@type\":\"ListItem\",\"position\":2,\"name\":\"D\u00e9monstration\"}]},{\"@type\":\"WebSite\",\"@id\":\"https:\\\/\\\/ai-coaching.fr\\\/#website\",\"url\":\"https:\\\/\\\/ai-coaching.fr\\\/\",\"name\":\"Ai-Coaching\",\"description\":\"R\u00e9inventez la formation\",\"publisher\":{\"@id\":\"https:\\\/\\\/ai-coaching.fr\\\/#organization\"},\"potentialAction\":[{\"@type\":\"SearchAction\",\"target\":{\"@type\":\"EntryPoint\",\"urlTemplate\":\"https:\\\/\\\/ai-coaching.fr\\\/?s={search_term_string}\"},\"query-input\":{\"@type\":\"PropertyValueSpecification\",\"valueRequired\":true,\"valueName\":\"search_term_string\"}}],\"inLanguage\":\"en-US\"},{\"@type\":\"Organization\",\"@id\":\"https:\\\/\\\/ai-coaching.fr\\\/#organization\",\"name\":\"Ai-Coaching\",\"url\":\"https:\\\/\\\/ai-coaching.fr\\\/\",\"logo\":{\"@type\":\"ImageObject\",\"inLanguage\":\"en-US\",\"@id\":\"https:\\\/\\\/ai-coaching.fr\\\/#\\\/schema\\\/logo\\\/image\\\/\",\"url\":\"https:\\\/\\\/ai-coaching.fr\\\/wp-content\\\/uploads\\\/2025\\\/05\\\/Capture-decran-2025-05-13-081013.png\",\"contentUrl\":\"https:\\\/\\\/ai-coaching.fr\\\/wp-content\\\/uploads\\\/2025\\\/05\\\/Capture-decran-2025-05-13-081013.png\",\"width\":244,\"height\":148,\"caption\":\"Ai-Coaching\"},\"image\":{\"@id\":\"https:\\\/\\\/ai-coaching.fr\\\/#\\\/schema\\\/logo\\\/image\\\/\"},\"sameAs\":[\"https:\\\/\\\/www.linkedin.com\\\/company\\\/ai-coaching-fr\\\/\"]}]}<\/script>\n<!-- \/ Yoast SEO plugin. -->","yoast_head_json":{"title":"Formation IA par simulations immersives | AI-Coaching","description":"Demandez une d\u00e9monstration gratuite de nos formations IA pour entreprises. D\u00e9couvrez comment am\u00e9liorer la productivit\u00e9 de vos \u00e9quipes gr\u00e2ce \u00e0 l\u2019intelligence artificielle.","robots":{"index":"index","follow":"follow","max-snippet":"max-snippet:-1","max-image-preview":"max-image-preview:large","max-video-preview":"max-video-preview:-1"},"canonical":"https:\/\/ai-coaching.fr\/en\/demander-une-demo\/","og_locale":"en_US","og_type":"article","og_title":"AI-Coaching \u2013 Formations immersives propuls\u00e9es par l\u2019IA","og_description":"Simulations IA cl\u00e9s en main pour entra\u00eener vos \u00e9quipes sur des situations r\u00e9elles : vente, management, relation client, soft skills.","og_url":"https:\/\/ai-coaching.fr\/en\/demander-une-demo\/","og_site_name":"Ai-Coaching","article_modified_time":"2026-03-27T12:47:17+00:00","og_image":[{"width":1200,"height":630,"url":"https:\/\/ai-coaching.fr\/wp-content\/uploads\/2025\/11\/ai-coaching.jpg","type":"image\/jpeg"}],"twitter_card":"summary_large_image","twitter_title":"AI-Coaching \u2013 Simulations IA pour former vos \u00e9quipes","twitter_description":"Cr\u00e9ez des mises en situation r\u00e9alistes gr\u00e2ce \u00e0 l\u2019IA et d\u00e9ployez des formations immersives \u00e0 grande \u00e9chelle.","twitter_image":"https:\/\/ai-coaching.fr\/wp-content\/uploads\/2025\/11\/ai-coaching.jpg","twitter_misc":{"Est. reading time":"1 minute"},"schema":{"@context":"https:\/\/schema.org","@graph":[{"@type":"WebPage","@id":"https:\/\/ai-coaching.fr\/demander-une-demo\/","url":"https:\/\/ai-coaching.fr\/demander-une-demo\/","name":"Formation IA par simulations immersives | AI-Coaching","isPartOf":{"@id":"https:\/\/ai-coaching.fr\/#website"},"primaryImageOfPage":{"@id":"https:\/\/ai-coaching.fr\/demander-une-demo\/#primaryimage"},"image":{"@id":"https:\/\/ai-coaching.fr\/demander-une-demo\/#primaryimage"},"thumbnailUrl":"https:\/\/ai-coaching.fr\/wp-content\/uploads\/2025\/05\/icon-down.svg","datePublished":"2026-03-24T15:18:51+00:00","dateModified":"2026-03-27T12:47:17+00:00","description":"Demandez une d\u00e9monstration gratuite de nos formations IA pour entreprises. D\u00e9couvrez comment am\u00e9liorer la productivit\u00e9 de vos \u00e9quipes gr\u00e2ce \u00e0 l\u2019intelligence artificielle.","breadcrumb":{"@id":"https:\/\/ai-coaching.fr\/demander-une-demo\/#breadcrumb"},"inLanguage":"en-US","potentialAction":[{"@type":"ReadAction","target":["https:\/\/ai-coaching.fr\/demander-une-demo\/"]}]},{"@type":"ImageObject","inLanguage":"en-US","@id":"https:\/\/ai-coaching.fr\/demander-une-demo\/#primaryimage","url":"https:\/\/ai-coaching.fr\/wp-content\/uploads\/2025\/05\/icon-down.svg","contentUrl":"https:\/\/ai-coaching.fr\/wp-content\/uploads\/2025\/05\/icon-down.svg"},{"@type":"BreadcrumbList","@id":"https:\/\/ai-coaching.fr\/demander-une-demo\/#breadcrumb","itemListElement":[{"@type":"ListItem","position":1,"name":"Accueil","item":"https:\/\/ai-coaching.fr\/"},{"@type":"ListItem","position":2,"name":"D\u00e9monstration"}]},{"@type":"WebSite","@id":"https:\/\/ai-coaching.fr\/#website","url":"https:\/\/ai-coaching.fr\/","name":"Ai-Coaching","description":"Reinvent training","publisher":{"@id":"https:\/\/ai-coaching.fr\/#organization"},"potentialAction":[{"@type":"SearchAction","target":{"@type":"EntryPoint","urlTemplate":"https:\/\/ai-coaching.fr\/?s={search_term_string}"},"query-input":{"@type":"PropertyValueSpecification","valueRequired":true,"valueName":"search_term_string"}}],"inLanguage":"en-US"},{"@type":"Organization","@id":"https:\/\/ai-coaching.fr\/#organization","name":"Ai-Coaching","url":"https:\/\/ai-coaching.fr\/","logo":{"@type":"ImageObject","inLanguage":"en-US","@id":"https:\/\/ai-coaching.fr\/#\/schema\/logo\/image\/","url":"https:\/\/ai-coaching.fr\/wp-content\/uploads\/2025\/05\/Capture-decran-2025-05-13-081013.png","contentUrl":"https:\/\/ai-coaching.fr\/wp-content\/uploads\/2025\/05\/Capture-decran-2025-05-13-081013.png","width":244,"height":148,"caption":"Ai-Coaching"},"image":{"@id":"https:\/\/ai-coaching.fr\/#\/schema\/logo\/image\/"},"sameAs":["https:\/\/www.linkedin.com\/company\/ai-coaching-fr\/"]}]}},"_links":{"self":[{"href":"https:\/\/ai-coaching.fr\/en\/wp-json\/wp\/v2\/pages\/1242","targetHints":{"allow":["GET"]}}],"collection":[{"href":"https:\/\/ai-coaching.fr\/en\/wp-json\/wp\/v2\/pages"}],"about":[{"href":"https:\/\/ai-coaching.fr\/en\/wp-json\/wp\/v2\/types\/page"}],"author":[{"embeddable":true,"href":"https:\/\/ai-coaching.fr\/en\/wp-json\/wp\/v2\/users\/1"}],"replies":[{"embeddable":true,"href":"https:\/\/ai-coaching.fr\/en\/wp-json\/wp\/v2\/comments?post=1242"}],"version-history":[{"count":13,"href":"https:\/\/ai-coaching.fr\/en\/wp-json\/wp\/v2\/pages\/1242\/revisions"}],"predecessor-version":[{"id":1331,"href":"https:\/\/ai-coaching.fr\/en\/wp-json\/wp\/v2\/pages\/1242\/revisions\/1331"}],"wp:attachment":[{"href":"https:\/\/ai-coaching.fr\/en\/wp-json\/wp\/v2\/media?parent=1242"}],"curies":[{"name":"wp","href":"https:\/\/api.w.org\/{rel}","templated":true}]}}